{"id":6428,"date":"2014-09-18T08:22:34","date_gmt":"2014-09-18T06:22:34","guid":{"rendered":"https:\/\/unimog-club-gaggenau.de\/?page_id=6428"},"modified":"2026-02-15T17:13:44","modified_gmt":"2026-02-15T16:13:44","slug":"events","status":"publish","type":"page","link":"https:\/\/unimog-club-gaggenau.de\/en\/events\/","title":{"rendered":"Events"},"content":{"rendered":"<div class=\"zw-cgb zw-cgb__120 zw-header-standard-block is-first-block    no-decorator headline-bottom\"><div class=\"bg-image\"><picture><img decoding=\"sync\" loading=\"eager\" fetchPriority=\"high\" id=\"zwi_26201\" class=\"zw-cgb__image\" src=\"data:image\/png;base64,iVBORw0KGgoAAAANSUhEUgAAAAEAAAABCAQAAAC1HAwCAAAAC0lEQVR42mNkYAAAAAYAAjCB0C8AAAAASUVORK5CYII=\" alt=\"\" onload=\"zwHeaderPictureDone(this,'pre_26201', 'pre_26201')\"><source id=\"LCP_26201\"><\/picture><\/div><div class=\"container zw-cgb-content zw-cgb__header-content-wrapper\"><h1 class=\"zw-cgb__headline\">Events 2026<\/h1><p class=\"zw-cgb__fulltext zw-cgb__content\">Noch viel mehr Termine und Veranstaltungen findet man bei den einzelnen Regionalgruppen.<\/p><\/div>\n        <\/div>    <div class=\"zw-cgb zw-cgb__000  zw-cgb_textblock  default-margin  b_white  zw-t-l \">\n            <div class=\"container zw-cgb-content\">\n        <h2 class=\"zw-cgb__headline \"><strong>TERMINVORSCHAU 2026<\/strong><\/h2><p class=\"zw-cgb__fulltext \"><strong>Datum |&nbsp;Veranstaltung |&nbsp;Ort<\/strong><\/p><p class=\"zw-cgb__fulltext \"><\/p><p class=\"zw-cgb__fulltext \">30.01 &#8211; 01.02.2026 <strong>Classic Motorshow<\/strong> Bremen<\/p><p class=\"zw-cgb__fulltext \">19. &#8211; 22.02.2026 <strong>Retro Classic<\/strong> Stuttgart<\/p><p class=\"zw-cgb__fulltext \">21.03. &#8211; 22.03.2026 <strong>Technorama<\/strong> Kassel<\/p><p class=\"zw-cgb__fulltext \">08. &#8211; 12.04.2026 <strong>Techno Classica<\/strong> Essen<\/p><p class=\"zw-cgb__fulltext \">02.05. &#8211; 03.05.2026 <strong>Technorama<\/strong> Ulm<\/p><p class=\"zw-cgb__fulltext \">08. &#8211; 10.05.2026 <strong>ADAC Historic<\/strong> Hockenheim<\/p><p class=\"zw-cgb__fulltext \">16.05.2026 <strong>Unimog-Teilemarkt<\/strong> Kuppenheim<\/p><p class=\"zw-cgb__fulltext \">16.05.2026 <strong>UCG-Mitgliederversammlung<\/strong> Gaggenau<\/p><p class=\"zw-cgb__fulltext \">11. &#8211; 14.06.2026 <strong>Bodensee Classic<\/strong> Friedrichshafen<\/p><p class=\"zw-cgb__fulltext \">11. &#8211; 13.09.2026 <strong>UCG-Jahrestreffen<\/strong> Wilbertoord, Holland<\/p><p class=\"zw-cgb__fulltext \"><\/p><p class=\"zw-cgb__fulltext \"><\/p><p class=\"zw-cgb__fulltext \"><br><br><\/p><p class=\"zw-cgb__fulltext \">Mehr Infos gibt es auf der linken Seite im Men\u00fc unter Jahrestreffen oder einfach <a href=\"https:\/\/unimog-club-gaggenau.de\/category\/ucg-news\/jahrestreffen\/ucg-news\/jahrestreffen\/\">hier<\/a> klicken.<\/p>      <\/div>\n    <\/div>\n    <div class=\"zw-cgb zw-cgb__001 zw-cgb_spacingblock b_standart \">\n          <\/div>\n\n    <div class=\"zw-cgb zw-cgb__000  zw-cgb_textblock  default-margin  b_standart  zw-t-l \">\n            <div class=\"container zw-cgb-content\">\n        <h2 class=\"zw-cgb__headline\">Impressions of the 2025 highlight: UCG annual meeting in R\u00f6merstein<\/h2>      <\/div>\n    <\/div>\n\n    <div class=\"zw-cgb zw-cgb__200  videoEmbedBlock \">\n      <a name=\"161477b0-3468-43fb-b9da-5c0c9d2f524a\" class=\"jumpAnchor\" ><\/a>              <div class=\"container zw-cgb-content\">\n                <iframe loading=\"lazy\" title=\"\ud83d\ude9c UCG-Jahrestreffen 2025 &amp; Jahresfahrt der Sasbacher Unimog-Freunde \ud83d\ude9c\" width=\"960\" height=\"540\" src=\"https:\/\/www.youtube.com\/embed\/C3rHvJBnoCk?feature=oembed\" frameborder=\"0\" allow=\"accelerometer; autoplay; clipboard-write; encrypted-media; gyroscope; picture-in-picture; web-share\" referrerpolicy=\"strict-origin-when-cross-origin\" allowfullscreen><\/iframe>                <\/div>\n          <\/div>\n\n    <div class=\"zw-cgb zw-cgb__000  zw-cgb_textblock  default-margin  b_standart  zw-t-l \">\n            <div class=\"container zw-cgb-content\">\n        <h2 class=\"zw-cgb__headline\">Impressions of the 2024 highlight: UCG annual meeting in Sand in Taufers, Italy<\/h2>      <\/div>\n    <\/div>\n\n    <div class=\"zw-cgb zw-cgb__200  videoEmbedBlock \">\n      <a name=\"5b211f42-96e5-4fe1-9f41-1daeb3d9c59a\" class=\"jumpAnchor\" ><\/a>              <div class=\"container zw-cgb-content\">\n                <iframe loading=\"lazy\" title=\"\ud83c\uddee\ud83c\uddf9 Impressionen vom UCG-Jahrestreffen 2024 in Sand in Taufers, S\u00fcdtirol \ud83c\uddee\ud83c\uddf9 #unimog #ucg\" width=\"960\" height=\"540\" src=\"https:\/\/www.youtube.com\/embed\/vmGqLrNtCuY?feature=oembed\" frameborder=\"0\" allow=\"accelerometer; autoplay; clipboard-write; encrypted-media; gyroscope; picture-in-picture; web-share\" referrerpolicy=\"strict-origin-when-cross-origin\" allowfullscreen><\/iframe>                <\/div>\n          <\/div>\n\n    <div class=\"zw-cgb zw-cgb__001 zw-cgb_spacingblock b_standart \">\n          <\/div>\n\n<div class=\"container zw-container zw-wp-container\">\n<h1 class=\"wp-block-heading\">Impressions of the 2023 highlight: UCG annual meeting in Aufenau<\/h1>\n<\/div><div class=\"container zw-container zw-wp-container\">ngg_shortcode_0_placeholder\n<\/div><div class=\"container zw-container zw-wp-container\">\n<p>Thanks to Matthias and Alexander Wissgott<a href=\"http:\/\/rennblick.de\/\">(rennblick.de<\/a>) from Pohlheim-Holzheim for the impressions of our 2023 annual meeting.<\/p>\n<\/div>    <div class=\"zw-cgb zw-cgb__001 zw-cgb_spacingblock b_standart \">\n          <\/div>\n\n<div class=\"container zw-container zw-wp-container\">\n<h1 class=\"wp-block-heading\">Impressions of the 2022 highlight: UCG annual meeting in Bahrenfleth<\/h1>\n<\/div>\n    <div class=\"zw-cgb zw-cgb__200  videoEmbedBlock \">\n      <a name=\"c90b6455-b62f-4342-8b13-513ab6028268\" class=\"jumpAnchor\" ><\/a>              <div class=\"container zw-cgb-content\">\n                <iframe loading=\"lazy\" title=\"Impressionen vom Unimog-Club Gaggenau-Jahrestreffen 2022 in Bahrenfleth #MercedesBenz #Unimog\" width=\"960\" height=\"540\" src=\"https:\/\/www.youtube.com\/embed\/057yqQuQ43g?feature=oembed\" frameborder=\"0\" allow=\"accelerometer; autoplay; clipboard-write; encrypted-media; gyroscope; picture-in-picture; web-share\" referrerpolicy=\"strict-origin-when-cross-origin\" allowfullscreen><\/iframe>                <\/div>\n          <\/div>\n\n    <div class=\"zw-cgb zw-cgb__001 zw-cgb_spacingblock b_standart \">\n          <\/div>\n\n<div class=\"container zw-container zw-wp-container\">\n<p>The annual meeting of the <a role=\"link\" href=\"https:\/\/www.facebook.com\/UnimogClubGaggenau?__cft__%5B0%5D=AZUuhV4OVacpbFbbtz-huZA-mPQ3VMjvlPcvKhB1f0MoARZ7YBJ0D13mIDPTw8h6ZctBNJPSFnOAYdqiVZKzRyDSaZ5gWvQNMNfO8eTr0JxcTMEuBkWA8FhlWmfpwHoQyHcwDoK6E3eKTao8YGtfGGoLxDEViL7ivn2EVnAGmMXjMnskX2TsISXzqsemyP-8kV4&amp;__tn__=-%5DK-R\">Unimog Club Gaggenau<\/a> took place from August 26 to 28, 2022 in the far north, just behind Hamburg between Itzehoe and Gl\u00fcckstadt. To give you another impression of the Unimog highlight, our member David Endres captured some impressions worth seeing on site. <\/p>\n<\/div><div class=\"container zw-container zw-wp-container\">ngg_shortcode_1_placeholder\n<\/div>    <div class=\"zw-cgb zw-cgb__000  zw-cgb_textblock  default-margin zw-pt-0 b_standart  zw-t-l \">\n            <div class=\"container zw-cgb-content\">\n        <h2 class=\"zw-cgb__headline\">Impressions of the 2021 highlight: 75 years of the Unimog<\/h2>      <\/div>\n    <\/div>\n<div class=\"zw-cgb zw-cgb__120 zw-header-standard-block     no-decorator headline-bottom\"><div class=\"bg-image\"><picture><source srcset=\"https:\/\/unimog-club-gaggenau.de\/wp-content\/uploads\/sites\/19\/2025\/02\/21C0561_001-scaled-1-1024x686-1-45x45.jpeg 45w, https:\/\/unimog-club-gaggenau.de\/wp-content\/uploads\/sites\/19\/2025\/02\/21C0561_001-scaled-1-1024x686-1-80x80.jpeg 80w, https:\/\/unimog-club-gaggenau.de\/wp-content\/uploads\/sites\/19\/2025\/02\/21C0561_001-scaled-1-1024x686-1-100x100.jpeg 100w, https:\/\/unimog-club-gaggenau.de\/wp-content\/uploads\/sites\/19\/2025\/02\/21C0561_001-scaled-1-1024x686-1-125x125.jpeg 125w, https:\/\/unimog-club-gaggenau.de\/wp-content\/uploads\/sites\/19\/2025\/02\/21C0561_001-scaled-1-1024x686-1-150x150.jpeg 150w, https:\/\/unimog-club-gaggenau.de\/wp-content\/uploads\/sites\/19\/2025\/02\/21C0561_001-scaled-1-1024x686-1-200x200.jpeg 200w, https:\/\/unimog-club-gaggenau.de\/wp-content\/uploads\/sites\/19\/2025\/02\/21C0561_001-scaled-1-1024x686-1-300x300.jpeg 300w, https:\/\/unimog-club-gaggenau.de\/wp-content\/uploads\/sites\/19\/2025\/02\/21C0561_001-scaled-1-1024x686-1-480x322.jpeg 480w, https:\/\/unimog-club-gaggenau.de\/wp-content\/uploads\/sites\/19\/2025\/02\/21C0561_001-scaled-1-1024x686-1-600x402.jpeg 600w, https:\/\/unimog-club-gaggenau.de\/wp-content\/uploads\/sites\/19\/2025\/02\/21C0561_001-scaled-1-1024x686-1-640x429.jpeg 640w, https:\/\/unimog-club-gaggenau.de\/wp-content\/uploads\/sites\/19\/2025\/02\/21C0561_001-scaled-1-1024x686-1-768x515.jpeg 768w, https:\/\/unimog-club-gaggenau.de\/wp-content\/uploads\/sites\/19\/2025\/02\/21C0561_001-scaled-1-1024x686-1.jpeg 1024w, https:\/\/unimog-club-gaggenau.de\/wp-content\/uploads\/sites\/19\/2025\/02\/21C0561_001-scaled-1-1024x686-1.jpeg 1440w, https:\/\/unimog-club-gaggenau.de\/wp-content\/uploads\/sites\/19\/2025\/02\/21C0561_001-scaled-1-1024x686-1.jpeg 1920w, https:\/\/unimog-club-gaggenau.de\/wp-content\/uploads\/sites\/19\/2025\/02\/21C0561_001-scaled-1-1024x686-1.jpeg 9999w\" sizes=\"(max-width: 480px) 100vw, (max-width: 768px) 100vw, (max-width: 1024px) 100vw, (max-width: 1440px) 100vw, 100vw\" ><img decoding=\"async\" loading=\"lazy\" id=\"zwi_50909\" class=\"zw-cgb__image\" src=\"https:\/\/unimog-club-gaggenau.de\/wp-content\/uploads\/sites\/19\/2025\/02\/21C0561_001-scaled-1-1024x686-1.jpeg\" alt=\"\"><\/picture><\/div><div class=\"container zw-cgb-content zw-cgb__header-content-wrapper\"><h2 class=\"zw-cgb__headline\">Impressions of the 2021 highlight: 75 years of the Unimog<\/h2><p class=\"zw-cgb__fulltext zw-cgb__content\">75 Jahre Unimog wurde Anfang September in Gaggenau am und im Unimog-Museum gefeiert. 75 Unimog lang war auch der Korso, der sich wie ein Lindwurm vom Produktionswerk in W\u00f6rth am Rhein durch die Stadt Karlsruhe und \u00fcber Landstra\u00dfen bis zur Heimat des Unimog in Gaggenau im Murgtal schl\u00e4ngelte. Hier geht es zu den Impressionen rund um das Event, das der Unimog-Club Gaggenau mitveranstaltet hat.<\/p><\/div>\n        <\/div>    <div class=\"zw-cgb zw-cgb__000  zw-cgb_textblock  default-margin  b_standart  zw-t-l \">\n            <div class=\"container zw-cgb-content\">\n        <h2 class=\"zw-cgb__headline\">UCG annual meeting in Buscate 2021<\/h2>      <\/div>\n    <\/div>\n\n    <div class=\"zw-cgb zw-cgb__200  videoEmbedBlock \">\n      <a name=\"c3c4030d-5197-4788-98e5-637641824742\" class=\"jumpAnchor\" ><\/a>              <div class=\"container zw-cgb-content\">\n                <iframe loading=\"lazy\" title=\"Unimog-Club Italia: Jahrestreffen in Buscate 2021\" width=\"960\" height=\"540\" src=\"https:\/\/www.youtube.com\/embed\/oznq1gOq7tk?feature=oembed\" frameborder=\"0\" allow=\"accelerometer; autoplay; clipboard-write; encrypted-media; gyroscope; picture-in-picture; web-share\" referrerpolicy=\"strict-origin-when-cross-origin\" allowfullscreen><\/iframe>                <\/div>\n          <\/div>\n\n    <div class=\"zw-cgb zw-cgb__000  zw-cgb_textblock  default-margin  b_standart  zw-t-l \">\n            <div class=\"container zw-cgb-content\">\n        <h2 class=\"zw-cgb__headline\">25th anniversary of the Unimog Club Gaggenau in 2018<\/h2>      <\/div>\n    <\/div>\n\n    <div class=\"zw-cgb zw-cgb__200  videoEmbedBlock \">\n      <a name=\"0ca18f43-a938-4614-b81e-1638427be202\" class=\"jumpAnchor\" ><\/a>              <div class=\"container zw-cgb-content\">\n                <iframe loading=\"lazy\" title=\"Jubil\u00e4um 25 Jahre Unimog-Club Gaggenau im Jahr 2018\" width=\"960\" height=\"540\" src=\"https:\/\/www.youtube.com\/embed\/qPx85VHPWYA?feature=oembed\" frameborder=\"0\" allow=\"accelerometer; autoplay; clipboard-write; encrypted-media; gyroscope; picture-in-picture; web-share\" referrerpolicy=\"strict-origin-when-cross-origin\" allowfullscreen><\/iframe>                <\/div>\n          <\/div>\n\n    <div class=\"zw-cgb zw-cgb__000  zw-cgb_textblock  default-margin  b_standart  zw-t-l \">\n            <div class=\"container zw-cgb-content\">\n        <h2 class=\"zw-cgb__headline\">UCG Annual Meeting Brigachtal 2015<\/h2>      <\/div>\n    <\/div>\n\n    <div class=\"zw-cgb zw-cgb__200  videoEmbedBlock \">\n      <a name=\"1f06ac91-9095-43aa-9386-4812cc1e5cc2\" class=\"jumpAnchor\" ><\/a>              <div class=\"container zw-cgb-content\">\n                <iframe loading=\"lazy\" title=\"Unimog Film: Jahrestreffen 2015, Unimog Club Gaggenau, Goldenstedt Germany\" width=\"960\" height=\"540\" src=\"https:\/\/www.youtube.com\/embed\/Y2fq1bE-_Ug?feature=oembed\" frameborder=\"0\" allow=\"accelerometer; autoplay; clipboard-write; encrypted-media; gyroscope; picture-in-picture; web-share\" referrerpolicy=\"strict-origin-when-cross-origin\" allowfullscreen><\/iframe>                <\/div>\n          <\/div>\n\n\n    <div class=\"zw-cgb zw-cgb__200  videoEmbedBlock \">\n      <a name=\"ccfea2f1-0f89-436f-a349-08c123b86bc6\" class=\"jumpAnchor\" ><\/a>              <div class=\"container zw-cgb-content\">\n                                <\/div>\n          <\/div>\n\n    <div class=\"zw-cgb zw-cgb__000  zw-cgb_textblock  default-margin  b_standart  zw-t-l \">\n            <div class=\"container zw-cgb-content\">\n        <h2 class=\"zw-cgb__headline\">UCG Annual Meeting Aufenau 2014<\/h2>      <\/div>\n    <\/div>\n\n    <div class=\"zw-cgb zw-cgb__200  videoEmbedBlock \">\n      <a name=\"64b04189-9c53-448e-9ec2-3005a21d6b23\" class=\"jumpAnchor\" ><\/a>              <div class=\"container zw-cgb-content\">\n                <iframe loading=\"lazy\" title=\"Jahrestreffen Unimog - Club - Gaggenau 2014 in Aufenau 19 bis 22  Juni 2014\" width=\"960\" height=\"540\" src=\"https:\/\/www.youtube.com\/embed\/guG_2btaawE?feature=oembed\" frameborder=\"0\" allow=\"accelerometer; autoplay; clipboard-write; encrypted-media; gyroscope; picture-in-picture; web-share\" referrerpolicy=\"strict-origin-when-cross-origin\" allowfullscreen><\/iframe>                <\/div>\n          <\/div>\n\n    <div class=\"zw-cgb zw-cgb__000  zw-cgb_textblock  default-margin  b_standart  zw-t-l \">\n            <div class=\"container zw-cgb-content\">\n        <h2 class=\"zw-cgb__headline\">UCG Annual Meeting 2013<\/h2>      <\/div>\n    <\/div>\n\n    <div class=\"zw-cgb zw-cgb__200  videoEmbedBlock \">\n      <a name=\"17a25f75-0847-4f53-9be6-b6b8b270eb56\" class=\"jumpAnchor\" ><\/a>              <div class=\"container zw-cgb-content\">\n                <iframe loading=\"lazy\" title=\"Unimog Treffen Wilbertoord 2013, The Netherlands, Unimog club Gaggenau\" width=\"960\" height=\"540\" src=\"https:\/\/www.youtube.com\/embed\/1zW-hDO68GI?feature=oembed\" frameborder=\"0\" allow=\"accelerometer; autoplay; clipboard-write; encrypted-media; gyroscope; picture-in-picture; web-share\" referrerpolicy=\"strict-origin-when-cross-origin\" allowfullscreen><\/iframe>                <\/div>\n          <\/div>\n\n    <div class=\"zw-cgb zw-cgb__000  zw-cgb_textblock  default-margin  b_standart  zw-t-l \">\n            <div class=\"container zw-cgb-content\">\n        <h2 class=\"zw-cgb__headline\">UCG Annual Meeting 2010<\/h2>      <\/div>\n    <\/div>\n\n    <div class=\"zw-cgb zw-cgb__200  videoEmbedBlock \">\n      <a name=\"41a88d05-4902-41c8-b0a5-41f8d3c04311\" class=\"jumpAnchor\" ><\/a>              <div class=\"container zw-cgb-content\">\n                <iframe loading=\"lazy\" title=\"Treffen Unimog Club Gaggenau in Langenaltheim 2010\" width=\"960\" height=\"720\" src=\"https:\/\/www.youtube.com\/embed\/6teDaqwairw?feature=oembed\" frameborder=\"0\" allow=\"accelerometer; autoplay; clipboard-write; encrypted-media; gyroscope; picture-in-picture; web-share\" referrerpolicy=\"strict-origin-when-cross-origin\" allowfullscreen><\/iframe>                <\/div>\n          <\/div>\n\n","protected":false},"excerpt":{"rendered":"<?xml encoding=\"UTF-8\"><div>Events 2026<p class=\"zw-cgb__fulltext zw-cgb__content\">Noch viel mehr Termine und Veranstaltungen findet man bei den einzelnen Regionalgruppen.<\/p> <strong>TERMINVORSCHAU 2026<\/strong><p class=\"zw-cgb__fulltext \"><strong>Datum |&nbsp;Veranstaltung |&nbsp;Ort<\/strong><\/p><p class=\"zw-cgb__fulltext \">30.01 &ndash; 01.02.2026 <strong>Classic Motorshow<\/strong> Bremen<\/p><p class=\"zw-cgb__fulltext \">19. &ndash; 22.02.2026 <strong>Retro Classic<\/strong> Stuttgart<\/p><p class=\"zw-cgb__fulltext \">21.03. &ndash; 22.03.2026 <strong>Technorama<\/strong> Kassel<\/p><p class=\"zw-cgb__fulltext \">08. &ndash; 12.04.2026 <strong>Techno Classica<\/strong> Essen<\/p><p class=\"zw-cgb__fulltext \">02.05. &ndash; 03.05.2026 <strong>Technorama<\/strong> Ulm<\/p><p class=\"zw-cgb__fulltext  [...]&lt;\/div&gt;\"><\/p><\/div>\n","protected":false},"author":26,"featured_media":0,"parent":0,"menu_order":40,"comment_status":"closed","ping_status":"closed","template":"","meta":{"_monsterinsights_skip_tracking":false,"_monsterinsights_sitenote_active":false,"_monsterinsights_sitenote_note":"","_monsterinsights_sitenote_category":0,"ngg_post_thumbnail":0,"footnotes":""},"class_list":["post-6428","page","type-page","status-publish","hentry"],"publishpress_future_action":{"enabled":false,"date":"2026-04-27 12:09:13","action":"change-status","newStatus":"draft","terms":[],"taxonomy":"translation_priority","extraData":[]},"publishpress_future_workflow_manual_trigger":{"enabledWorkflows":[]},"_links":{"self":[{"href":"https:\/\/unimog-club-gaggenau.de\/en\/wp-json\/wp\/v2\/pages\/6428","targetHints":{"allow":["GET"]}}],"collection":[{"href":"https:\/\/unimog-club-gaggenau.de\/en\/wp-json\/wp\/v2\/pages"}],"about":[{"href":"https:\/\/unimog-club-gaggenau.de\/en\/wp-json\/wp\/v2\/types\/page"}],"author":[{"embeddable":true,"href":"https:\/\/unimog-club-gaggenau.de\/en\/wp-json\/wp\/v2\/users\/26"}],"replies":[{"embeddable":true,"href":"https:\/\/unimog-club-gaggenau.de\/en\/wp-json\/wp\/v2\/comments?post=6428"}],"version-history":[{"count":2,"href":"https:\/\/unimog-club-gaggenau.de\/en\/wp-json\/wp\/v2\/pages\/6428\/revisions"}],"predecessor-version":[{"id":86546,"href":"https:\/\/unimog-club-gaggenau.de\/en\/wp-json\/wp\/v2\/pages\/6428\/revisions\/86546"}],"wp:attachment":[{"href":"https:\/\/unimog-club-gaggenau.de\/en\/wp-json\/wp\/v2\/media?parent=6428"}],"curies":[{"name":"wp","href":"https:\/\/api.w.org\/{rel}","templated":true}]}}